{"id":9216,"date":"2026-02-04T10:08:14","date_gmt":"2026-02-04T09:08:14","guid":{"rendered":"https:\/\/pfahlkoenig.de\/history\/"},"modified":"2026-02-04T14:15:17","modified_gmt":"2026-02-04T13:15:17","slug":"history","status":"publish","type":"page","link":"https:\/\/pfahlkoenig.de\/en\/history\/","title":{"rendered":"History"},"content":{"rendered":"\t\t<div data-elementor-type=\"wp-page\" data-elementor-id=\"9216\" class=\"elementor elementor-9216 elementor-9189\" data-elementor-post-type=\"page\">\n\t\t\t\t<div class=\"elementor-element elementor-element-64c8320 e-con-full e-flex e-con e-parent\" data-id=\"64c8320\" data-element_type=\"container\" data-e-type=\"container\" data-settings=\"{&quot;background_background&quot;:&quot;slideshow&quot;,&quot;background_slideshow_gallery&quot;:[{&quot;id&quot;:6345,&quot;url&quot;:&quot;https:\\\/\\\/pfahlkoenig.de\\\/wp-content\\\/uploads\\\/2024\\\/09\\\/Fundex-Detail-6-3.jpg&quot;},{&quot;id&quot;:6495,&quot;url&quot;:&quot;https:\\\/\\\/pfahlkoenig.de\\\/wp-content\\\/uploads\\\/2024\\\/09\\\/Startseite-2-2.jpg&quot;}],&quot;background_slideshow_loop&quot;:&quot;yes&quot;,&quot;background_slideshow_slide_duration&quot;:5000,&quot;background_slideshow_slide_transition&quot;:&quot;fade&quot;,&quot;background_slideshow_transition_duration&quot;:500}\">\n\t\t<div class=\"elementor-element elementor-element-f3a63cc e-con-full e-flex e-con e-child\" data-id=\"f3a63cc\" data-element_type=\"container\" data-e-type=\"container\" data-settings=\"{&quot;background_background&quot;:&quot;classic&quot;}\">\n\t\t\t\t<div class=\"elementor-element elementor-element-9709ebe elementor-widget elementor-widget-heading\" data-id=\"9709ebe\" data-element_type=\"widget\" data-e-type=\"widget\" data-widget_type=\"heading.default\">\n\t\t\t\t<div class=\"elementor-widget-container\">\n\t\t\t\t\t<h1 class=\"elementor-heading-title elementor-size-default\">K\u00f6nig GmbH: The History<\/h1>\t\t\t\t<\/div>\n\t\t\t\t<\/div>\n\t\t\t\t<div class=\"elementor-element elementor-element-0a542c5 elementor-widget elementor-widget-heading\" data-id=\"0a542c5\" data-element_type=\"widget\" data-e-type=\"widget\" data-widget_type=\"heading.default\">\n\t\t\t\t<div class=\"elementor-widget-container\">\n\t\t\t\t\t<h2 class=\"elementor-heading-title elementor-size-default\">Over 65 years of quality and expertise in specialised civil engineering.<\/h2>\t\t\t\t<\/div>\n\t\t\t\t<\/div>\n\t\t\t\t<\/div>\n\t\t\t\t<\/div>\n\t\t\t\t<section class=\"elementor-section elementor-top-section elementor-element elementor-element-c4412e2 elementor-section-boxed elementor-section-height-default elementor-section-height-default elementor-invisible\" data-id=\"c4412e2\" data-element_type=\"section\" data-e-type=\"section\" id=\"geschichte\" data-settings=\"{&quot;animation&quot;:&quot;fadeInUp&quot;}\">\n\t\t\t\t\t\t<div class=\"elementor-container elementor-column-gap-default\">\n\t\t\t\t\t<div class=\"elementor-column elementor-col-100 elementor-top-column elementor-element elementor-element-82fd62f\" data-id=\"82fd62f\" data-element_type=\"column\" data-e-type=\"column\">\n\t\t\t<div class=\"elementor-widget-wrap elementor-element-populated\">\n\t\t\t\t\t\t<div class=\"elementor-element elementor-element-398a5f6 elementor-widget elementor-widget-heading\" data-id=\"398a5f6\" data-element_type=\"widget\" data-e-type=\"widget\" data-widget_type=\"heading.default\">\n\t\t\t\t<div class=\"elementor-widget-container\">\n\t\t\t\t\t<h2 class=\"elementor-heading-title elementor-size-default\">K\u00f6nig GmbH: A chronology of success<\/h2>\t\t\t\t<\/div>\n\t\t\t\t<\/div>\n\t\t\t\t\t<\/div>\n\t\t<\/div>\n\t\t\t\t\t<\/div>\n\t\t<\/section>\n\t\t\t\t<section class=\"elementor-section elementor-top-section elementor-element elementor-element-db85fa2 elementor-section-boxed elementor-section-height-default elementor-section-height-default\" data-id=\"db85fa2\" data-element_type=\"section\" data-e-type=\"section\">\n\t\t\t\t\t\t<div class=\"elementor-container elementor-column-gap-default\">\n\t\t\t\t\t<div class=\"elementor-column elementor-col-100 elementor-top-column elementor-element elementor-element-6b63d0b\" data-id=\"6b63d0b\" data-element_type=\"column\" data-e-type=\"column\">\n\t\t\t<div class=\"elementor-widget-wrap elementor-element-populated\">\n\t\t\t\t\t\t<div class=\"elementor-element elementor-element-ad6e971 elementor-widget elementor-widget-elementskit-timeline\" data-id=\"ad6e971\" data-element_type=\"widget\" data-e-type=\"widget\" data-widget_type=\"elementskit-timeline.default\">\n\t\t\t\t<div class=\"elementor-widget-container\">\n\t\t\t\t\t<div class=\"ekit-wid-con\" >        <div class=\"timeline-area vertical-timeline multi-gradient floating-style oneside\" > \n\n         \n                    <div class=\"single-timeline media single-timeline-count-1 elementor-repeater-item-c535bf0\" >\n                            <div class=\"timeline-item media\" data-settings=\"{&quot;_animation&quot;:&quot;&quot;}\">\n                                <div class=\"timeline-content\">\n\n                                     \n                                                                            <h3 class=\"title\">1955: The foundation<\/h3>\n                                    \n                                                                  <p>Civil engineer Hinrich K\u00f6nig founds K\u00f6nig KG Baugesch\u00e4ft in Stade on January 2, 1955.<\/p>\n                              \n\n\n                            \n                            <div class=\"timeline-info timeline-info-onside\" data-settings=\"{&quot;_animation&quot;:&quot;&quot;}\">\n                                                        <\/p>\n                            <\/div>\n                            \n                                <\/div><!-- .timeline-content END -->\n                                                               <div class=\"timeline-pin\"><\/div>\n                            <\/div><!-- .timeline-item .media END -->\n\n                                        <div class=\"timeline-img\"><\/div>\n\n\n           \n                        <\/div><!-- .single-timeline .media END -->\n       \n                    <div class=\"single-timeline media single-timeline-count-2 elementor-repeater-item-932243d\" >\n                            <div class=\"timeline-item media\" data-settings=\"{&quot;_animation&quot;:&quot;&quot;}\">\n                                <div class=\"timeline-content\">\n\n                                     \n                                                                            <h3 class=\"title\">1987: Expansion and new management<\/h3>\n                                    \n                                                                  <p>On July 1, Dr. J\u00fcrgen K\u00f6nig becomes Managing Director of K\u00f6nig KG GmbH &amp; Co.<\/p>\n                              \n\n\n                            \n                            <div class=\"timeline-info timeline-info-onside\" data-settings=\"{&quot;_animation&quot;:&quot;&quot;}\">\n                                                        <\/p>\n                            <\/div>\n                            \n                                <\/div><!-- .timeline-content END -->\n                                                               <div class=\"timeline-pin\"><\/div>\n                            <\/div><!-- .timeline-item .media END -->\n\n                                        <div class=\"timeline-img\"><\/div>\n\n\n           \n                        <\/div><!-- .single-timeline .media END -->\n       \n                    <div class=\"single-timeline media single-timeline-count-3 elementor-repeater-item-041f31e\" >\n                            <div class=\"timeline-item media\" data-settings=\"{&quot;_animation&quot;:&quot;&quot;}\">\n                                <div class=\"timeline-content\">\n\n                                     \n                                                                            <h3 class=\"title\">1990: Second mainstay and internationalization<\/h3>\n                                    \n                                                                  <p>Foundation of K\u00f6nig GmbH in Werder (Havel).<\/p>\n                              \n\n\n                            \n                            <div class=\"timeline-info timeline-info-onside\" data-settings=\"{&quot;_animation&quot;:&quot;&quot;}\">\n                                                        <\/p>\n                            <\/div>\n                            \n                                <\/div><!-- .timeline-content END -->\n                                                               <div class=\"timeline-pin\"><\/div>\n                            <\/div><!-- .timeline-item .media END -->\n\n                                        <div class=\"timeline-img\"><\/div>\n\n\n           \n                        <\/div><!-- .single-timeline .media END -->\n       \n                    <div class=\"single-timeline media single-timeline-count-4 elementor-repeater-item-5af5dd1\" >\n                            <div class=\"timeline-item media\" data-settings=\"{&quot;_animation&quot;:&quot;&quot;}\">\n                                <div class=\"timeline-content\">\n\n                                     \n                                                                            <h3 class=\"title\">1995: Centralization and growth<\/h3>\n                                    \n                                                                  <p>Relocation of the head office to Stader Elbstra\u00dfe 4 in 2683 Stade.<\/p>\n                              \n\n\n                            \n                            <div class=\"timeline-info timeline-info-onside\" data-settings=\"{&quot;_animation&quot;:&quot;&quot;}\">\n                                                        <\/p>\n                            <\/div>\n                            \n                                <\/div><!-- .timeline-content END -->\n                                                               <div class=\"timeline-pin\"><\/div>\n                            <\/div><!-- .timeline-item .media END -->\n\n                                        <div class=\"timeline-img\"><\/div>\n\n\n           \n                        <\/div><!-- .single-timeline .media END -->\n       \n                    <div class=\"single-timeline media single-timeline-count-5 elementor-repeater-item-99d97ba\" >\n                            <div class=\"timeline-item media\" data-settings=\"{&quot;_animation&quot;:&quot;&quot;}\">\n                                <div class=\"timeline-content\">\n\n                                     \n                                                                            <h3 class=\"title\">2003: Further expansion and market establishment<\/h3>\n                                    \n                                                                  <p>Opening of the branch office in Oberhausen and the representative office in Vienna, Austria.<\/p>\n                              \n\n\n                            \n                            <div class=\"timeline-info timeline-info-onside\" data-settings=\"{&quot;_animation&quot;:&quot;&quot;}\">\n                                                        <\/p>\n                            <\/div>\n                            \n                                <\/div><!-- .timeline-content END -->\n                                                               <div class=\"timeline-pin\"><\/div>\n                            <\/div><!-- .timeline-item .media END -->\n\n                                        <div class=\"timeline-img\"><\/div>\n\n\n           \n                        <\/div><!-- .single-timeline .media END -->\n       \n                    <div class=\"single-timeline media single-timeline-count-6 elementor-repeater-item-ebe4881\" >\n                            <div class=\"timeline-item media\" data-settings=\"{&quot;_animation&quot;:&quot;&quot;}\">\n                                <div class=\"timeline-content\">\n\n                                     \n                                                                            <h3 class=\"title\">2009: Generation change and new expertise<\/h3>\n                                    \n                                                                  <p>Dipl. Ing. G\u00fcnther Heitmann and Stefan Lewandrowski become managing directors of K\u00f6nig GmbH on 01.02.2009.<\/p>\n                              \n\n\n                            \n                            <div class=\"timeline-info timeline-info-onside\" data-settings=\"{&quot;_animation&quot;:&quot;&quot;}\">\n                                                        <\/p>\n                            <\/div>\n                            \n                                <\/div><!-- .timeline-content END -->\n                                                               <div class=\"timeline-pin\"><\/div>\n                            <\/div><!-- .timeline-item .media END -->\n\n                                        <div class=\"timeline-img\"><\/div>\n\n\n           \n                        <\/div><!-- .single-timeline .media END -->\n       \n                    <div class=\"single-timeline media single-timeline-count-7 elementor-repeater-item-ac0c096\" >\n                            <div class=\"timeline-item media\" data-settings=\"{&quot;_animation&quot;:&quot;&quot;}\">\n                                <div class=\"timeline-content\">\n\n                                     \n                                                                            <h3 class=\"title\">2021: Continuation of the successful course<\/h3>\n                                    \n                                                                  <p>M. Sc. Jan Heitmann becomes Managing Director on January 1, 2021 alongside G\u00fcnther Heitmann and Stefan Lewandrowski. G\u00fcnther Heitmann will leave the Management Board on June 30, 2021 and will remain with the company in an advisory capacity.<\/p>\n                              \n\n\n                            \n                            <div class=\"timeline-info timeline-info-onside\" data-settings=\"{&quot;_animation&quot;:&quot;&quot;}\">\n                                                        <\/p>\n                            <\/div>\n                            \n                                <\/div><!-- .timeline-content END -->\n                                                               <div class=\"timeline-pin\"><\/div>\n                            <\/div><!-- .timeline-item .media END -->\n\n                                        <div class=\"timeline-img\"><\/div>\n\n\n           \n                        <\/div><!-- .single-timeline .media END -->\n       \n                    <div class=\"single-timeline media single-timeline-count-8 elementor-repeater-item-92900c0\" >\n                            <div class=\"timeline-item media\" data-settings=\"{&quot;_animation&quot;:&quot;&quot;}\">\n                                <div class=\"timeline-content\">\n\n                                     \n                                                                            <h3 class=\"title\">Today<\/h3>\n                                    \n                                                                  <p>Leading company in Germany for the production of slender in-situ concrete piles with diameters from 32 to 61 cm. Market leader for foundations with Fundex piles in Germany.\r\n\r\nK\u00f6nig GmbH: Tradition, innovation and uncompromising quality - for over 65 years. <\/p>\n                              \n\n\n                            \n                            <div class=\"timeline-info timeline-info-onside\" data-settings=\"{&quot;_animation&quot;:&quot;&quot;}\">\n                                                        <\/p>\n                            <\/div>\n                            \n                                <\/div><!-- .timeline-content END -->\n                                                               <div class=\"timeline-pin\"><\/div>\n                            <\/div><!-- .timeline-item .media END -->\n\n                                        <div class=\"timeline-img\"><\/div>\n\n\n           \n                        <\/div><!-- .single-timeline .media END -->\n           <div class=\"timeline-bar\"><\/div>\n    <\/div><\/div>\t\t\t\t<\/div>\n\t\t\t\t<\/div>\n\t\t\t\t\t<\/div>\n\t\t<\/div>\n\t\t\t\t\t<\/div>\n\t\t<\/section>\n\t\t\t\t<\/div>\n\t\t","protected":false},"excerpt":{"rendered":"<p>K\u00f6nig GmbH: The History Over 65 years of quality and expertise in specialised civil engineering. K\u00f6nig GmbH: A chronology of success 1955: The foundation Civil engineer Hinrich K\u00f6nig founds K\u00f6nig KG Baugesch\u00e4ft in Stade on January 2, 1955. 1987: Expansion and new management On July 1, Dr. J\u00fcrgen K\u00f6nig becomes Managing Director of K\u00f6nig KG [&hellip;]<\/p>\n","protected":false},"author":1,"featured_media":0,"parent":0,"menu_order":0,"comment_status":"closed","ping_status":"closed","template":"","meta":{"footnotes":""},"class_list":["post-9216","page","type-page","status-publish","hentry"],"yoast_head":"<!-- This site is optimized with the Yoast SEO plugin v27.4 - https:\/\/yoast.com\/product\/yoast-seo-wordpress\/ -->\n<title>History - Pfahlk\u00f6nig<\/title>\n<meta name=\"description\" content=\"K\u00f6nig GmbH: Over 65 years of experience in special civil engineering\" \/>\n<meta name=\"robots\" content=\"index, follow, max-snippet:-1, max-image-preview:large, max-video-preview:-1\" \/>\n<link rel=\"canonical\" href=\"https:\/\/pfahlkoenig.de\/historie\/\" \/>\n<meta property=\"og:locale\" content=\"en_US\" \/>\n<meta property=\"og:type\" content=\"article\" \/>\n<meta property=\"og:title\" content=\"History - Pfahlk\u00f6nig\" \/>\n<meta property=\"og:description\" content=\"K\u00f6nig GmbH: Over 65 years of experience in special civil engineering\" \/>\n<meta property=\"og:url\" content=\"https:\/\/pfahlkoenig.de\/historie\/\" \/>\n<meta property=\"og:site_name\" content=\"Pfahlk\u00f6nig\" \/>\n<meta property=\"article:modified_time\" content=\"2026-02-04T13:15:17+00:00\" \/>\n<meta name=\"twitter:card\" content=\"summary_large_image\" \/>\n<meta name=\"twitter:label1\" content=\"Est. reading time\" \/>\n\t<meta name=\"twitter:data1\" content=\"1 minute\" \/>\n<script type=\"application\/ld+json\" class=\"yoast-schema-graph\">{\"@context\":\"https:\\\/\\\/schema.org\",\"@graph\":[{\"@type\":\"WebPage\",\"@id\":\"https:\\\/\\\/pfahlkoenig.de\\\/historie\\\/\",\"url\":\"https:\\\/\\\/pfahlkoenig.de\\\/historie\\\/\",\"name\":\"History - Pfahlk\u00f6nig\",\"isPartOf\":{\"@id\":\"https:\\\/\\\/pfahlkoenig.de\\\/#website\"},\"datePublished\":\"2026-02-04T09:08:14+00:00\",\"dateModified\":\"2026-02-04T13:15:17+00:00\",\"description\":\"K\u00f6nig GmbH: Over 65 years of experience in special civil engineering\",\"breadcrumb\":{\"@id\":\"https:\\\/\\\/pfahlkoenig.de\\\/historie\\\/#breadcrumb\"},\"inLanguage\":\"en-US\",\"potentialAction\":[{\"@type\":\"ReadAction\",\"target\":[\"https:\\\/\\\/pfahlkoenig.de\\\/historie\\\/\"]}]},{\"@type\":\"BreadcrumbList\",\"@id\":\"https:\\\/\\\/pfahlkoenig.de\\\/historie\\\/#breadcrumb\",\"itemListElement\":[{\"@type\":\"ListItem\",\"position\":1,\"name\":\"Startseite\",\"item\":\"https:\\\/\\\/pfahlkoenig.de\\\/\"},{\"@type\":\"ListItem\",\"position\":2,\"name\":\"History\"}]},{\"@type\":\"WebSite\",\"@id\":\"https:\\\/\\\/pfahlkoenig.de\\\/#website\",\"url\":\"https:\\\/\\\/pfahlkoenig.de\\\/\",\"name\":\"Pfahlk\u00f6nig\",\"description\":\"\",\"potentialAction\":[{\"@type\":\"SearchAction\",\"target\":{\"@type\":\"EntryPoint\",\"urlTemplate\":\"https:\\\/\\\/pfahlkoenig.de\\\/?s={search_term_string}\"},\"query-input\":{\"@type\":\"PropertyValueSpecification\",\"valueRequired\":true,\"valueName\":\"search_term_string\"}}],\"inLanguage\":\"en-US\"}]}<\/script>\n<!-- \/ Yoast SEO plugin. -->","yoast_head_json":{"title":"History - Pfahlk\u00f6nig","description":"K\u00f6nig GmbH: Over 65 years of experience in special civil engineering","robots":{"index":"index","follow":"follow","max-snippet":"max-snippet:-1","max-image-preview":"max-image-preview:large","max-video-preview":"max-video-preview:-1"},"canonical":"https:\/\/pfahlkoenig.de\/historie\/","og_locale":"en_US","og_type":"article","og_title":"History - Pfahlk\u00f6nig","og_description":"K\u00f6nig GmbH: Over 65 years of experience in special civil engineering","og_url":"https:\/\/pfahlkoenig.de\/historie\/","og_site_name":"Pfahlk\u00f6nig","article_modified_time":"2026-02-04T13:15:17+00:00","twitter_card":"summary_large_image","twitter_misc":{"Est. reading time":"1 minute"},"schema":{"@context":"https:\/\/schema.org","@graph":[{"@type":"WebPage","@id":"https:\/\/pfahlkoenig.de\/historie\/","url":"https:\/\/pfahlkoenig.de\/historie\/","name":"History - Pfahlk\u00f6nig","isPartOf":{"@id":"https:\/\/pfahlkoenig.de\/#website"},"datePublished":"2026-02-04T09:08:14+00:00","dateModified":"2026-02-04T13:15:17+00:00","description":"K\u00f6nig GmbH: Over 65 years of experience in special civil engineering","breadcrumb":{"@id":"https:\/\/pfahlkoenig.de\/historie\/#breadcrumb"},"inLanguage":"en-US","potentialAction":[{"@type":"ReadAction","target":["https:\/\/pfahlkoenig.de\/historie\/"]}]},{"@type":"BreadcrumbList","@id":"https:\/\/pfahlkoenig.de\/historie\/#breadcrumb","itemListElement":[{"@type":"ListItem","position":1,"name":"Startseite","item":"https:\/\/pfahlkoenig.de\/"},{"@type":"ListItem","position":2,"name":"History"}]},{"@type":"WebSite","@id":"https:\/\/pfahlkoenig.de\/#website","url":"https:\/\/pfahlkoenig.de\/","name":"Pfahlk\u00f6nig","description":"","potentialAction":[{"@type":"SearchAction","target":{"@type":"EntryPoint","urlTemplate":"https:\/\/pfahlkoenig.de\/?s={search_term_string}"},"query-input":{"@type":"PropertyValueSpecification","valueRequired":true,"valueName":"search_term_string"}}],"inLanguage":"en-US"}]}},"_links":{"self":[{"href":"https:\/\/pfahlkoenig.de\/en\/wp-json\/wp\/v2\/pages\/9216","targetHints":{"allow":["GET"]}}],"collection":[{"href":"https:\/\/pfahlkoenig.de\/en\/wp-json\/wp\/v2\/pages"}],"about":[{"href":"https:\/\/pfahlkoenig.de\/en\/wp-json\/wp\/v2\/types\/page"}],"author":[{"embeddable":true,"href":"https:\/\/pfahlkoenig.de\/en\/wp-json\/wp\/v2\/users\/1"}],"replies":[{"embeddable":true,"href":"https:\/\/pfahlkoenig.de\/en\/wp-json\/wp\/v2\/comments?post=9216"}],"version-history":[{"count":2,"href":"https:\/\/pfahlkoenig.de\/en\/wp-json\/wp\/v2\/pages\/9216\/revisions"}],"predecessor-version":[{"id":9229,"href":"https:\/\/pfahlkoenig.de\/en\/wp-json\/wp\/v2\/pages\/9216\/revisions\/9229"}],"wp:attachment":[{"href":"https:\/\/pfahlkoenig.de\/en\/wp-json\/wp\/v2\/media?parent=9216"}],"curies":[{"name":"wp","href":"https:\/\/api.w.org\/{rel}","templated":true}]}}